{"id":372,"date":"2021-08-27T11:59:19","date_gmt":"2021-08-27T11:59:19","guid":{"rendered":"http:\/\/dummy.xtemos.com\/woodmart2\/elementor\/?post_type=product&#038;p=372"},"modified":"2026-04-06T11:00:21","modified_gmt":"2026-04-06T11:00:21","slug":"buc0001","status":"publish","type":"product","link":"https:\/\/www.bibelshop.org\/?product=buc0001","title":{"rendered":"Der Einfluss des Pietismus auf die Mennoniten Br\u00fcdergemeinde"},"content":{"rendered":"<p>Nach meinem siebenj\u00e4hrigem Studium an dem Bibelseminar BCD in Kalletal bin ich Gott sehr dankbar, dass ich mein Theologiestudium mit einer Bachelorarbeit abschlie\u00dfen konnte. Als Thema betrachtete ich den Einfluss des Pietismus auf die Entstehung der Mennoniten Br\u00fcdergemeinde.<\/p>\n<p>Im Rahmen meiner Recherche war ich \u00fcberrascht, wie stark das Christentum im 19. Jahrhundert vernetzt war und wie weitl\u00e4ufig die Reisen der Prediger waren, die zu Erweckungen auch in S\u00fcdrussland gef\u00fchrt haben. Genauso erstaunt war ich, dass einige unscheinbare \u201eZuf\u00e4lle\u201c zu einer Verkettung von Ereignissen gef\u00fchrt haben, die letztendlich zu einer Erweckung in den erstarrten Mennonitischen Kreisen f\u00fchrten und die Mennoniten Br\u00fcdergemeinde hervorbrachte.<\/p>\n<p>Der Einfluss des Herrnhuter Pietismus auf die Gemeinde in Brenkhofswalde \u2013 Franztal sei hier aufgef\u00fchrt und die eilige \u00dcbersiedlung der Mennoniten in die Kolonie Gnadenthal, die nur m\u00f6glich wurde, indem einige Pietisten zum Mennonitentum \u00fcbertraten.\u00a0 Diese wiederum nahmen Kontakt auf zu den Kolonien w\u00fcrttembergischer Kolonisten bei Berdjansk, die eigentlich auf dem Weg zum Heiligen Land gewesen waren um die Wiederkunft Christi im Jahr 1836 zu erwarten. Der dortige Pfarrer Eduard W\u00fcst predigte das Evangelium so klar, dass nicht nur in den lutherischen Kolonien eine Erneuerung begann sondern sich weit auf die Mennonitischen D\u00f6rfer erstreckte.<\/p>\n<p>In dem Buch tauchen Sie ein in eine Welt, wo Gott selbst die F\u00e4den spinnt und daf\u00fcr gesorgt hat, dass auch in den deutschen Kolonien S\u00fcdrusslands (heute Ostukraine) eine lebendige Gemeinde bestehen bleibt.<\/p>\n","protected":false},"excerpt":{"rendered":"<p>Der Pietismus und das Mennonitentum liegen in ihrer Entstehung und Ausbreitung historisch und geografisch gesehen weit auseinander und hatten nur wenige offensichtliche Ber\u00fchrungspunkte. Die Verkettung von unterschiedlichen, wie von hoher Hand geplanten Umst\u00e4nden, f\u00fchrte zu einem Kontakt beider\u00a0 Str\u00f6mungen in den Jahren 1820 \u2013 1860.<\/p>\n<p><a href=\"https:\/\/www.etgladium.de\/buecher\/einfluss-des-pietismus-auf-die-mennoniten-bruedergemeinde\/\">Artikel auf Gladium Spiritus<\/a><\/p>\n<p><a href=\"https:\/\/www.etgladium.de\/wp-content\/uploads\/2023\/08\/Einfluss-des-Pietismus-auf-die-MBG.pdf\">PDF Download<\/a><\/p>\n","protected":false},"featured_media":29370,"comment_status":"open","ping_status":"closed","template":"","meta":[],"product_brand":[],"product_cat":[95],"product_tag":[],"class_list":{"0":"post-372","1":"product","2":"type-product","3":"status-publish","4":"has-post-thumbnail","6":"product_cat-buecher","8":"first","9":"instock","10":"taxable","11":"shipping-taxable","12":"purchasable","13":"product-type-simple"},"jetpack_sharing_enabled":true,"_links":{"self":[{"href":"https:\/\/www.bibelshop.org\/index.php?rest_route=\/wp\/v2\/product\/372","targetHints":{"allow":["GET"]}}],"collection":[{"href":"https:\/\/www.bibelshop.org\/index.php?rest_route=\/wp\/v2\/product"}],"about":[{"href":"https:\/\/www.bibelshop.org\/index.php?rest_route=\/wp\/v2\/types\/product"}],"replies":[{"embeddable":true,"href":"https:\/\/www.bibelshop.org\/index.php?rest_route=%2Fwp%2Fv2%2Fcomments&post=372"}],"version-history":[{"count":5,"href":"https:\/\/www.bibelshop.org\/index.php?rest_route=\/wp\/v2\/product\/372\/revisions"}],"predecessor-version":[{"id":29147,"href":"https:\/\/www.bibelshop.org\/index.php?rest_route=\/wp\/v2\/product\/372\/revisions\/29147"}],"wp:featuredmedia":[{"embeddable":true,"href":"https:\/\/www.bibelshop.org\/index.php?rest_route=\/wp\/v2\/media\/29370"}],"wp:attachment":[{"href":"https:\/\/www.bibelshop.org\/index.php?rest_route=%2Fwp%2Fv2%2Fmedia&parent=372"}],"wp:term":[{"taxonomy":"product_brand","embeddable":true,"href":"https:\/\/www.bibelshop.org\/index.php?rest_route=%2Fwp%2Fv2%2Fproduct_brand&post=372"},{"taxonomy":"product_cat","embeddable":true,"href":"https:\/\/www.bibelshop.org\/index.php?rest_route=%2Fwp%2Fv2%2Fproduct_cat&post=372"},{"taxonomy":"product_tag","embeddable":true,"href":"https:\/\/www.bibelshop.org\/index.php?rest_route=%2Fwp%2Fv2%2Fproduct_tag&post=372"}],"curies":[{"name":"wp","href":"https:\/\/api.w.org\/{rel}","templated":true}]}}