{"id":29615,"date":"2026-04-09T18:56:41","date_gmt":"2026-04-09T18:56:41","guid":{"rendered":"https:\/\/www.bibelshop.org\/?post_type=product&#038;p=29615"},"modified":"2026-04-09T18:56:41","modified_gmt":"2026-04-09T18:56:41","slug":"studienkarten-saphir-1-5-sparpaket","status":"publish","type":"product","link":"https:\/\/www.bibelshop.org\/?product=studienkarten-saphir-1-5-sparpaket","title":{"rendered":"Studienkarten Saphir 1-5 (Sparpaket)"},"content":{"rendered":"<p>Mit den Studienkarten der Reihe Saphir kannst du mit kurzen Bibelstudienaufgaben in verschiedene Themen der Bibel eintauchen.<\/p>\n<p>In diesem Paket befinden sich die ersten 5 Studienkarten der Saphir Studienreihe:<\/p>\n<ol>\n<li>Kapitel\u00fcbersicht \u00fcber das AT<\/li>\n<li>Kapitel\u00fcbersicht \u00fcber das NT<\/li>\n<li>Die Lebensalter der M\u00e4nner aus 1. Mose 5<\/li>\n<li>Die Wunder Jesu in den vier Evangelien<\/li>\n<li>Die Gleichnisse Jesu in den vier Evangelien<\/li>\n<\/ol>\n<p>In diesem Paket zahlst du f\u00fcr vier Studienkarten und erh\u00e4lts die f\u00fcnfte Gratis dazu!<\/p>\n","protected":false},"excerpt":{"rendered":"<p>In diesem Paket befinden sich die ersten 5 Studienkarten der Saphir Studienreihe:<\/p>\n<ol>\n<li>Kapitel\u00fcbersicht \u00fcber das AT<\/li>\n<li>Kapitel\u00fcbersicht \u00fcber das NT<\/li>\n<li>Die Lebensalter der M\u00e4nner aus 1. Mose 5<\/li>\n<li>Die Wunder Jesu in den vier Evangelien<\/li>\n<li>Die Gleichnisse Jesu in den vier Evangelien<\/li>\n<\/ol>\n<p>In diesem Paket zahlst du f\u00fcr vier Studienkarten und erh\u00e4lts die f\u00fcnfte Gratis dazu!<\/p>\n<p>Format: Din A5<br \/>\nPapier: 300 g\/m\u00b2 Beschreibbar<\/p>\n","protected":false},"featured_media":29616,"comment_status":"open","ping_status":"closed","template":"","meta":[],"product_brand":[],"product_cat":[37,119],"product_tag":[],"class_list":{"0":"post-29615","1":"product","2":"type-product","3":"status-publish","4":"has-post-thumbnail","6":"product_cat-bibelstudium","7":"product_cat-saphir-studienkarten","9":"first","10":"instock","11":"sale","12":"taxable","13":"shipping-taxable","14":"purchasable","15":"product-type-simple"},"jetpack_sharing_enabled":true,"_links":{"self":[{"href":"https:\/\/www.bibelshop.org\/index.php?rest_route=\/wp\/v2\/product\/29615","targetHints":{"allow":["GET"]}}],"collection":[{"href":"https:\/\/www.bibelshop.org\/index.php?rest_route=\/wp\/v2\/product"}],"about":[{"href":"https:\/\/www.bibelshop.org\/index.php?rest_route=\/wp\/v2\/types\/product"}],"replies":[{"embeddable":true,"href":"https:\/\/www.bibelshop.org\/index.php?rest_route=%2Fwp%2Fv2%2Fcomments&post=29615"}],"version-history":[{"count":1,"href":"https:\/\/www.bibelshop.org\/index.php?rest_route=\/wp\/v2\/product\/29615\/revisions"}],"predecessor-version":[{"id":29617,"href":"https:\/\/www.bibelshop.org\/index.php?rest_route=\/wp\/v2\/product\/29615\/revisions\/29617"}],"wp:featuredmedia":[{"embeddable":true,"href":"https:\/\/www.bibelshop.org\/index.php?rest_route=\/wp\/v2\/media\/29616"}],"wp:attachment":[{"href":"https:\/\/www.bibelshop.org\/index.php?rest_route=%2Fwp%2Fv2%2Fmedia&parent=29615"}],"wp:term":[{"taxonomy":"product_brand","embeddable":true,"href":"https:\/\/www.bibelshop.org\/index.php?rest_route=%2Fwp%2Fv2%2Fproduct_brand&post=29615"},{"taxonomy":"product_cat","embeddable":true,"href":"https:\/\/www.bibelshop.org\/index.php?rest_route=%2Fwp%2Fv2%2Fproduct_cat&post=29615"},{"taxonomy":"product_tag","embeddable":true,"href":"https:\/\/www.bibelshop.org\/index.php?rest_route=%2Fwp%2Fv2%2Fproduct_tag&post=29615"}],"curies":[{"name":"wp","href":"https:\/\/api.w.org\/{rel}","templated":true}]}}