{"id":29522,"date":"2026-02-14T19:45:09","date_gmt":"2026-02-14T19:45:09","guid":{"rendered":"https:\/\/www.bibelshop.org\/?post_type=product&#038;p=29522"},"modified":"2026-02-14T19:52:13","modified_gmt":"2026-02-14T19:52:13","slug":"saphir-studienkarte-3-die-alter-der-maenner-in-1-mose-5","status":"publish","type":"product","link":"https:\/\/www.bibelshop.org\/?product=saphir-studienkarte-3-die-alter-der-maenner-in-1-mose-5","title":{"rendered":"Saphir Studienkarte 3: Die Alter der M\u00e4nner in 1. Mose 5"},"content":{"rendered":"<p>Wolltest du nicht schon immer mal die Jahreszahlen der M\u00e4nner vor der Sintflut mal visuell darstellen? Mit dieser Studienkarte kannst du dir eine \u00dcbersicht von Adam bis Noah verschaffen!<\/p>\n<p>Din A5<\/p>\n<p>300 g\/m\u00b2<\/p>\n<p>Mit Unterst\u00fctzung von\u00a0<a href=\"https:\/\/mockupfree.co\/\">MockupFree.co<\/a><\/p>\n<p>&nbsp;<\/p>\n","protected":false},"excerpt":{"rendered":"<p>Mit dieser Studienkarte kannst du dir eine \u00dcbersicht \u00fcber die Lebensalter der M\u00e4nner von Adam bis Noah verschaffen!<\/p>\n<p>Format: Din A5<br \/>\nPapier: 300 g\/m\u00b2 Beschreibbar<br \/>\nUmfang: 4 Seiten<\/p>\n","protected":false},"featured_media":29529,"comment_status":"open","ping_status":"closed","template":"","meta":[],"product_brand":[],"product_cat":[119],"product_tag":[],"class_list":{"0":"post-29522","1":"product","2":"type-product","3":"status-publish","4":"has-post-thumbnail","6":"product_cat-saphir-studienkarten","8":"first","9":"instock","10":"sale","11":"taxable","12":"shipping-taxable","13":"purchasable","14":"product-type-variable"},"jetpack_sharing_enabled":true,"_links":{"self":[{"href":"https:\/\/www.bibelshop.org\/index.php?rest_route=\/wp\/v2\/product\/29522","targetHints":{"allow":["GET"]}}],"collection":[{"href":"https:\/\/www.bibelshop.org\/index.php?rest_route=\/wp\/v2\/product"}],"about":[{"href":"https:\/\/www.bibelshop.org\/index.php?rest_route=\/wp\/v2\/types\/product"}],"replies":[{"embeddable":true,"href":"https:\/\/www.bibelshop.org\/index.php?rest_route=%2Fwp%2Fv2%2Fcomments&post=29522"}],"version-history":[{"count":2,"href":"https:\/\/www.bibelshop.org\/index.php?rest_route=\/wp\/v2\/product\/29522\/revisions"}],"predecessor-version":[{"id":29531,"href":"https:\/\/www.bibelshop.org\/index.php?rest_route=\/wp\/v2\/product\/29522\/revisions\/29531"}],"wp:featuredmedia":[{"embeddable":true,"href":"https:\/\/www.bibelshop.org\/index.php?rest_route=\/wp\/v2\/media\/29529"}],"wp:attachment":[{"href":"https:\/\/www.bibelshop.org\/index.php?rest_route=%2Fwp%2Fv2%2Fmedia&parent=29522"}],"wp:term":[{"taxonomy":"product_brand","embeddable":true,"href":"https:\/\/www.bibelshop.org\/index.php?rest_route=%2Fwp%2Fv2%2Fproduct_brand&post=29522"},{"taxonomy":"product_cat","embeddable":true,"href":"https:\/\/www.bibelshop.org\/index.php?rest_route=%2Fwp%2Fv2%2Fproduct_cat&post=29522"},{"taxonomy":"product_tag","embeddable":true,"href":"https:\/\/www.bibelshop.org\/index.php?rest_route=%2Fwp%2Fv2%2Fproduct_tag&post=29522"}],"curies":[{"name":"wp","href":"https:\/\/api.w.org\/{rel}","templated":true}]}}