{"id":29506,"date":"2026-02-09T18:01:33","date_gmt":"2026-02-09T18:01:33","guid":{"rendered":"https:\/\/www.bibelshop.org\/?post_type=product&#038;p=29506"},"modified":"2026-02-09T21:08:53","modified_gmt":"2026-02-09T21:08:53","slug":"escrito-xxl","status":"publish","type":"product","link":"https:\/\/www.bibelshop.org\/?product=escrito-xxl","title":{"rendered":"Escrito XXL"},"content":{"rendered":"<p>Escrito ist das Spiel f\u00fcr Bibelkenner.<\/p>\n<p>Wie gut kennst du dich in der Bibel aus? Mit diesem Spiel wird auf die Probe gestellt, ob du die Bibelstellen verschiedenster Verse gut auswendig kennst.<\/p>\n<p><strong>Wie funktioniert das Spiel?<\/strong><\/p>\n<p>F\u00fcr jede Runde wird ein Vers vorgelesen und die Spiele k\u00f6nnen Reihum ihren Tipp abgeben, wo der Vers stehen k\u00f6nnte. Anschlie\u00dfend werden die Punkte ausgewertet. Wer zuerst 100 Punkte hat, hat das Spiel gewonnen<\/p>\n<p>&nbsp;<\/p>\n<p><strong>Spielvorbereitung:<\/strong><\/p>\n<p>Jeder Spieler\/ Gruppe\u00a0erh\u00e4lt zwei Spielsteine bzw. Magnete.<\/p>\n<p>Die Verse werden gut erreichbar f\u00fcr alle in die Tischmitte gelegt<\/p>\n<p>&nbsp;<\/p>\n<p><strong>Spielzug:<\/strong><\/p>\n<p>Ein beliebiger Spieler beginnt und liest den obersten Vers auf dem Stapel laut vor.<\/p>\n<p>Anschlie\u00dfend darf er seinen ersten Spielstein platzieren. Im Uhrzeigersinn d\u00fcrfen die anderen Spieler jeweils einen\u00a0Stein ablegen.<\/p>\n<p>Hat jeder den ersten\u00a0Stein abgelegt, beginnt es wieder beim letzten Spieler gegen den Uhrzeigersinn legt jeder seinen zweiten Stein.<\/p>\n<p>&nbsp;<\/p>\n<p><strong>Auswertung<\/strong>:<\/p>\n<p>Anschlie\u00dfend wird durch Umdrehen der Karte die Bibelstelle bekanntgegeben. Die korrekten Spielsteine erhalten die angeschriebenen Punkt, die falsch gelegten Spielsteine erhalten keine Punkte<\/p>\n<p>&nbsp;<\/p>\n<p><strong>Fortsetzung<\/strong>:<\/p>\n<p>Den n\u00e4chsten Spielzug leitet der n\u00e4chste Spieler im Uhrzeigersinn, sodass die Runde immer bei einem neuen Spieler beginnt.<\/p>\n<p>Gewonnen hat, wer zuerst 100 Punkte erreicht<\/p>\n<p><strong>Alternative<\/strong>:<\/p>\n<p>Der Spielf\u00fchrende\u00a0Spiele liest einen Vers aus der Bibel vor. Die anderen Teilnehmer versuchen die Stelle korrekt zu legen. Er selbst darf nicht in dieser Runde teilnehmen. In der n\u00e4chsten Runde ist der n\u00e4chste Spiele im Uhrzeigersinn dran usw.<\/p>\n<p>&nbsp;<\/p>\n<p>Eignete sich besonders f\u00fcr Jungschar und Jugendgruppen.<\/p>\n<p>Lieferumfang:<\/p>\n<ul>\n<li>1 Plakath\u00fclse<\/li>\n<li>1 Spielfeld A1<\/li>\n<li>8 Magnete<\/li>\n<li>110 Verskarten<\/li>\n<li>1 Spielanleitung<\/li>\n<\/ul>\n","protected":false},"excerpt":{"rendered":"<p>Escrito ist das Spiel f\u00fcr Bibelkenner.<\/p>\n<p>Wie gut kennst du dich in der Bibel aus? Mit diesem Spiel wird auf die Probe gestellt, ob du die Bibelstellen verschiedenster Verse gut auswendig kennst.<\/p>\n","protected":false},"featured_media":29507,"comment_status":"open","ping_status":"closed","template":"","meta":[],"product_brand":[],"product_cat":[63],"product_tag":[],"class_list":{"0":"post-29506","1":"product","2":"type-product","3":"status-publish","4":"has-post-thumbnail","6":"product_cat-spiele","8":"first","9":"instock","10":"taxable","11":"shipping-taxable","12":"purchasable","13":"product-type-simple"},"jetpack_sharing_enabled":true,"_links":{"self":[{"href":"https:\/\/www.bibelshop.org\/index.php?rest_route=\/wp\/v2\/product\/29506","targetHints":{"allow":["GET"]}}],"collection":[{"href":"https:\/\/www.bibelshop.org\/index.php?rest_route=\/wp\/v2\/product"}],"about":[{"href":"https:\/\/www.bibelshop.org\/index.php?rest_route=\/wp\/v2\/types\/product"}],"replies":[{"embeddable":true,"href":"https:\/\/www.bibelshop.org\/index.php?rest_route=%2Fwp%2Fv2%2Fcomments&post=29506"}],"version-history":[{"count":1,"href":"https:\/\/www.bibelshop.org\/index.php?rest_route=\/wp\/v2\/product\/29506\/revisions"}],"predecessor-version":[{"id":29516,"href":"https:\/\/www.bibelshop.org\/index.php?rest_route=\/wp\/v2\/product\/29506\/revisions\/29516"}],"wp:featuredmedia":[{"embeddable":true,"href":"https:\/\/www.bibelshop.org\/index.php?rest_route=\/wp\/v2\/media\/29507"}],"wp:attachment":[{"href":"https:\/\/www.bibelshop.org\/index.php?rest_route=%2Fwp%2Fv2%2Fmedia&parent=29506"}],"wp:term":[{"taxonomy":"product_brand","embeddable":true,"href":"https:\/\/www.bibelshop.org\/index.php?rest_route=%2Fwp%2Fv2%2Fproduct_brand&post=29506"},{"taxonomy":"product_cat","embeddable":true,"href":"https:\/\/www.bibelshop.org\/index.php?rest_route=%2Fwp%2Fv2%2Fproduct_cat&post=29506"},{"taxonomy":"product_tag","embeddable":true,"href":"https:\/\/www.bibelshop.org\/index.php?rest_route=%2Fwp%2Fv2%2Fproduct_tag&post=29506"}],"curies":[{"name":"wp","href":"https:\/\/api.w.org\/{rel}","templated":true}]}}