{"id":29343,"date":"2025-08-27T18:24:09","date_gmt":"2025-08-27T18:24:09","guid":{"rendered":"https:\/\/www.bibelshop.org\/?post_type=product&#038;p=29343"},"modified":"2025-10-26T13:38:53","modified_gmt":"2025-10-26T13:38:53","slug":"emerald-psalmen","status":"publish","type":"product","link":"https:\/\/www.bibelshop.org\/?product=emerald-psalmen","title":{"rendered":"Emerald: Psalmen"},"content":{"rendered":"<p>M\u00f6chtest du die Psalmen intensiver studieren, aber weist nicht genau wie? Mit diesem Bibelstudienheft wirst du angeleitet, in die Welt der Psalmen einzutauchen.<\/p>\n<p>Du erstellst dir in einem Selbststudium eine \u00dcbersicht \u00fcber die Autoren, B\u00fccher und Gattungen der Psalmen. Dabei hast du viel M\u00f6glichkeit mit Zahlen und Farben zu arbeiten, um das Ergebnis auch visuell darzustellen.<\/p>\n<p>Das Ziel dieses Bibelstudienheftes soll es sein, dir ein interessantes Bibelstudium zu erm\u00f6glichen, deine Liebe zum Wort Gottes zu wecken und dein Bibelwissen zu erweitern.<\/p>\n","protected":false},"excerpt":{"rendered":"<p>Dieses Heft zum Selbststudium soll dir dabei helfen, dich mit den Psalmen auseinanderzusetzen und dir eine \u00dcbersicht \u00fcber das gesamte Buch der Psalmen zu vermitteln.<\/p>\n<p>Umfang: 28 Seiten<\/p>\n<p><a href=\"https:\/\/www.etgladium.de\/bibelstudium\/die-psalmen-emerald-bibelstudy\/\" target=\"_blank\" rel=\"noopener\">Beitrag auf Gladium Spiritus<\/a><\/p>\n","protected":false},"featured_media":29344,"comment_status":"open","ping_status":"closed","template":"","meta":[],"product_brand":[],"product_cat":[37,96],"product_tag":[],"class_list":{"0":"post-29343","1":"product","2":"type-product","3":"status-publish","4":"has-post-thumbnail","6":"product_cat-bibelstudium","7":"product_cat-emeraldstr","9":"first","10":"instock","11":"taxable","12":"shipping-taxable","13":"purchasable","14":"product-type-simple"},"jetpack_sharing_enabled":true,"_links":{"self":[{"href":"https:\/\/www.bibelshop.org\/index.php?rest_route=\/wp\/v2\/product\/29343","targetHints":{"allow":["GET"]}}],"collection":[{"href":"https:\/\/www.bibelshop.org\/index.php?rest_route=\/wp\/v2\/product"}],"about":[{"href":"https:\/\/www.bibelshop.org\/index.php?rest_route=\/wp\/v2\/types\/product"}],"replies":[{"embeddable":true,"href":"https:\/\/www.bibelshop.org\/index.php?rest_route=%2Fwp%2Fv2%2Fcomments&post=29343"}],"version-history":[{"count":2,"href":"https:\/\/www.bibelshop.org\/index.php?rest_route=\/wp\/v2\/product\/29343\/revisions"}],"predecessor-version":[{"id":29351,"href":"https:\/\/www.bibelshop.org\/index.php?rest_route=\/wp\/v2\/product\/29343\/revisions\/29351"}],"wp:featuredmedia":[{"embeddable":true,"href":"https:\/\/www.bibelshop.org\/index.php?rest_route=\/wp\/v2\/media\/29344"}],"wp:attachment":[{"href":"https:\/\/www.bibelshop.org\/index.php?rest_route=%2Fwp%2Fv2%2Fmedia&parent=29343"}],"wp:term":[{"taxonomy":"product_brand","embeddable":true,"href":"https:\/\/www.bibelshop.org\/index.php?rest_route=%2Fwp%2Fv2%2Fproduct_brand&post=29343"},{"taxonomy":"product_cat","embeddable":true,"href":"https:\/\/www.bibelshop.org\/index.php?rest_route=%2Fwp%2Fv2%2Fproduct_cat&post=29343"},{"taxonomy":"product_tag","embeddable":true,"href":"https:\/\/www.bibelshop.org\/index.php?rest_route=%2Fwp%2Fv2%2Fproduct_tag&post=29343"}],"curies":[{"name":"wp","href":"https:\/\/api.w.org\/{rel}","templated":true}]}}