{"id":334,"date":"2021-08-27T11:42:20","date_gmt":"2021-08-27T11:42:20","guid":{"rendered":"http:\/\/dummy.xtemos.com\/woodmart2\/elementor\/?post_type=product&#038;p=334"},"modified":"2025-08-19T11:23:17","modified_gmt":"2025-08-19T11:23:17","slug":"1johannes","status":"publish","type":"product","link":"http:\/\/www.bibelshop.org\/?product=1johannes","title":{"rendered":"Rubin: 1. Johannes"},"content":{"rendered":"<p>Es freut mich sehr, dass du hierhergekommen bist um dir diesen Kurs anzuschauen! Das was du hier herunterladen kannst, war ein Bibelstudienheft das ich f\u00fcr unsere Jugendfreizeit erstellt habe. \u00dcber mehrere Wochen hinweg habe ich in meiner t\u00e4glichen Stillen Zeit Fragen f\u00fcr das Studienheft formuliert. Das Ergebnis ist nun hier zu finden: Ein Bibelkurs zum 1.Johannesbrief.<\/p>\n<p>Die Kurse aus der\u00a0<a href=\"https:\/\/www.etgladium.de\/category\/bibelstudium\/rubin-str\/\">Studienreihe Rubin<\/a>\u00a0sind vom Aufbau ein wenig anders als viele andere Kurse. Das Anliegen ist hier nicht Hintergr\u00fcnde, Auslegungsvarianten und Interpretationen der jeweiligen Briefe zu vermitteln, sondern dich dazu motivieren, im Bibeltext genau hinzuschauen.<\/p>\n<p>Zus\u00e4tzlich sind auch Tabellen im Kurs auszuf\u00fcllen, die dir dabei helfen werden, eine \u00dcbersicht \u00fcber den Johannesbrief zu bekommen.<\/p>\n<p>Alle Fragen die im Kurs gestellt werden, sind aus den Versen der Bibel entnommen, deswegen findest du auch alle Antworten in deiner Bibel. Als Vorlage diente die \u00dcbersetzung der\u00a0<a href=\"http:\/\/www.schlachterbibel.de\/de\/bibel\/\">Schlachter 2000<\/a>. Deswegen wird es f\u00fcr dich auch am sinnvollsten sein, mit dieser \u00dcbersetzung den Kurs zu machen- dadurch verstehst du auch besser, worauf die Fragen hinauslaufen.<\/p>\n<p>Wichtig ist, dass du die Fragen chronologisch bearbeitest. Manchmal bauen Fragen aufeinander auf und nur wenn du die vorige Frage beantwortet hast, kannst du die n\u00e4chste auch beantworten.<\/p>\n<p>Ich w\u00fcnsche dir viel Freude und Gottes Segen in der Besch\u00e4ftigung mit seinem Wort.<\/p>\n<h4 style=\"font-weight: 100;\">Was bedeutet die Rubin-Studienreihe?<\/h4>\n<p>Der Bibelkurs zum 1. Johannesbrief sollte \u2013<em>sub conditione jacobaea<\/em>\u2013 nicht der Letzte seiner Art sein. Der\u00a0<a href=\"https:\/\/www.etgladium.de\/bibelstudium\/bibelkurs-zur-roemer-studienreihe-rubin\/\">R\u00f6merbrief ist bereits abgeschlossen und zum Downolad bereit<\/a>, das Lukasevangelium und die Korintherbriefe sind bereits sehr weit fortgeschritten. Wenn es soweit ist und Gott will und wir leben, werden auch diese auf Gladium Spiritus ver\u00f6ffentlicht werden. Alle Studienhefte findest du dann unter der Rubrik Rubin STR.<\/p>\n<p>Weil das doch sehr viel Arbeit ist und alles nebenher ehrenamtlich geschieht, sind sicher auch Fehler in dem Bibelkurs zu finden. Falls du welche gefunden hast- behalte sie nicht und teile sie gerne mit mir! Daf\u00fcr habe ich extra unten ein Formular erstellt, \u00fcber das du es unkompliziert bewerkstelligen kannst. Vielen Dank schon mal, wenn du hier mithilfst!<\/p>\n<p>Jetzt kannst du noch ein Blick in den Bibelkurs werfen und dann den gesamten oben herunterladen, ausdrucken und loslegen- Gott segne dich dabei!<\/p>\n","protected":false},"excerpt":{"rendered":"<p>Der etwas andere Bibelkurs: Hier werden nicht Auslegungen und Interpretationen des 1.Johannesbriefes vorgestellt. Nein, einfach nur Fragen zu dem Wort Gottes- nicht mehr und nicht weniger. Deswegen ist er auch so einfach und wirksam.<\/p>\n<p><a href=\"https:\/\/www.etgladium.de\/buecher\/1-johannesbrief\/\">Beitrag auf Gladium Spiritus<\/a><\/p>\n<p><a href=\"https:\/\/www.etgladium.de\/wp-content\/uploads\/2021\/12\/1.Johannes-Bibelkurs-Rubin.pdf\">PDF Download<\/a><\/p>\n","protected":false},"featured_media":29160,"comment_status":"open","ping_status":"closed","template":"","meta":[],"product_brand":[],"product_cat":[37,44],"product_tag":[],"class_list":{"0":"post-334","1":"product","2":"type-product","3":"status-publish","4":"has-post-thumbnail","6":"product_cat-bibelstudium","7":"product_cat-rubinstr","8":"product_shipping_class-buecher-und-zeitschriften","10":"first","11":"instock","12":"taxable","13":"shipping-taxable","14":"purchasable","15":"product-type-simple"},"jetpack_sharing_enabled":true,"_links":{"self":[{"href":"http:\/\/www.bibelshop.org\/index.php?rest_route=\/wp\/v2\/product\/334","targetHints":{"allow":["GET"]}}],"collection":[{"href":"http:\/\/www.bibelshop.org\/index.php?rest_route=\/wp\/v2\/product"}],"about":[{"href":"http:\/\/www.bibelshop.org\/index.php?rest_route=\/wp\/v2\/types\/product"}],"replies":[{"embeddable":true,"href":"http:\/\/www.bibelshop.org\/index.php?rest_route=%2Fwp%2Fv2%2Fcomments&post=334"}],"version-history":[{"count":2,"href":"http:\/\/www.bibelshop.org\/index.php?rest_route=\/wp\/v2\/product\/334\/revisions"}],"predecessor-version":[{"id":29161,"href":"http:\/\/www.bibelshop.org\/index.php?rest_route=\/wp\/v2\/product\/334\/revisions\/29161"}],"wp:featuredmedia":[{"embeddable":true,"href":"http:\/\/www.bibelshop.org\/index.php?rest_route=\/wp\/v2\/media\/29160"}],"wp:attachment":[{"href":"http:\/\/www.bibelshop.org\/index.php?rest_route=%2Fwp%2Fv2%2Fmedia&parent=334"}],"wp:term":[{"taxonomy":"product_brand","embeddable":true,"href":"http:\/\/www.bibelshop.org\/index.php?rest_route=%2Fwp%2Fv2%2Fproduct_brand&post=334"},{"taxonomy":"product_cat","embeddable":true,"href":"http:\/\/www.bibelshop.org\/index.php?rest_route=%2Fwp%2Fv2%2Fproduct_cat&post=334"},{"taxonomy":"product_tag","embeddable":true,"href":"http:\/\/www.bibelshop.org\/index.php?rest_route=%2Fwp%2Fv2%2Fproduct_tag&post=334"}],"curies":[{"name":"wp","href":"https:\/\/api.w.org\/{rel}","templated":true}]}}