{"id":312,"date":"2021-08-26T16:22:24","date_gmt":"2021-08-26T16:22:24","guid":{"rendered":"http:\/\/dummy.xtemos.com\/woodmart2\/elementor\/?post_type=product&#038;p=312"},"modified":"2026-04-11T07:18:24","modified_gmt":"2026-04-11T07:18:24","slug":"samuel","status":"publish","type":"product","link":"http:\/\/www.bibelshop.org\/?product=samuel","title":{"rendered":"Kinderstudienheft: Samuelb\u00fccher"},"content":{"rendered":"<p>Als Gemeinde hatten wir vor, unsere Kinder und Jungscharler zum Bibellesen und zum Biblestudium zu motivieren.<\/p>\n<p>Weil die B\u00fccher Samuels so voller spannenden Geschichten sind und besonders Samuel ein gro\u00dfes Vorbild f\u00fcr die Kinder ist,\u00a0erstellten wir einen Bibelkurs zu den Samuelb\u00fcchern. Zu jedem Kapitel des ersten und zweiten Samuelbuchs m\u00fcssen 3 bis 4 Fragen beantwortet werden. Abschlie\u00dfend gibt es Aufgaben zum Gebet oder eine Dankesliste, die ausgef\u00fcllt werden will.<\/p>\n<p>Als Zielgruppe sind eher Teenager gedacht, aber jeder Erwachsene ist auch herzlich dazu eingeladen, diesen Biblekurs selbst durchzuarbeiten.<\/p>\n","protected":false},"excerpt":{"rendered":"<p>Du bist jung und m\u00f6chtest dich ein wenig intensiver mit den Samuelb\u00fcchern auseinandersetzen? Dann bist du hier richtig! F\u00fcr die Sommerferien haben wir f\u00fcr die Kinder und Jungscharler unserer Gemeinde diesen Bibelkurs entworfen. Bei zwei Kapiteln t\u00e4glich bist du in 26 Tagen mit dem Kurs fertig.<\/p>\n<p><a href=\"https:\/\/www.etgladium.de\/bibelstudium\/bibelkurs_samuel\/\">Beitrag auf Gladium Spiritus<\/a><\/p>\n<p><a href=\"https:\/\/www.etgladium.de\/wp-content\/uploads\/2022\/08\/Samuelbuecher-Somerferien-22.0.pdf\">PDF Download<\/a><\/p>\n","protected":false},"featured_media":29384,"comment_status":"open","ping_status":"closed","template":"","meta":[],"product_brand":[],"product_cat":[37,54,97],"product_tag":[],"class_list":{"0":"post-312","1":"product","2":"type-product","3":"status-publish","4":"has-post-thumbnail","6":"product_cat-bibelstudium","7":"product_cat-kinder","8":"product_cat-stillezeit","10":"first","11":"instock","12":"taxable","13":"shipping-taxable","14":"purchasable","15":"product-type-simple"},"jetpack_sharing_enabled":true,"_links":{"self":[{"href":"http:\/\/www.bibelshop.org\/index.php?rest_route=\/wp\/v2\/product\/312","targetHints":{"allow":["GET"]}}],"collection":[{"href":"http:\/\/www.bibelshop.org\/index.php?rest_route=\/wp\/v2\/product"}],"about":[{"href":"http:\/\/www.bibelshop.org\/index.php?rest_route=\/wp\/v2\/types\/product"}],"replies":[{"embeddable":true,"href":"http:\/\/www.bibelshop.org\/index.php?rest_route=%2Fwp%2Fv2%2Fcomments&post=312"}],"version-history":[{"count":3,"href":"http:\/\/www.bibelshop.org\/index.php?rest_route=\/wp\/v2\/product\/312\/revisions"}],"predecessor-version":[{"id":29385,"href":"http:\/\/www.bibelshop.org\/index.php?rest_route=\/wp\/v2\/product\/312\/revisions\/29385"}],"wp:featuredmedia":[{"embeddable":true,"href":"http:\/\/www.bibelshop.org\/index.php?rest_route=\/wp\/v2\/media\/29384"}],"wp:attachment":[{"href":"http:\/\/www.bibelshop.org\/index.php?rest_route=%2Fwp%2Fv2%2Fmedia&parent=312"}],"wp:term":[{"taxonomy":"product_brand","embeddable":true,"href":"http:\/\/www.bibelshop.org\/index.php?rest_route=%2Fwp%2Fv2%2Fproduct_brand&post=312"},{"taxonomy":"product_cat","embeddable":true,"href":"http:\/\/www.bibelshop.org\/index.php?rest_route=%2Fwp%2Fv2%2Fproduct_cat&post=312"},{"taxonomy":"product_tag","embeddable":true,"href":"http:\/\/www.bibelshop.org\/index.php?rest_route=%2Fwp%2Fv2%2Fproduct_tag&post=312"}],"curies":[{"name":"wp","href":"https:\/\/api.w.org\/{rel}","templated":true}]}}