{"id":29486,"date":"2026-01-31T19:41:05","date_gmt":"2026-01-31T19:41:05","guid":{"rendered":"https:\/\/www.bibelshop.org\/?post_type=product&#038;p=29486"},"modified":"2026-01-31T19:58:21","modified_gmt":"2026-01-31T19:58:21","slug":"sa002","status":"publish","type":"product","link":"http:\/\/www.bibelshop.org\/?product=sa002","title":{"rendered":"Saphir Studienkarte 2: Die Kapitel des NT"},"content":{"rendered":"<p>Diese Studienkarte gibt dir eine \u00dcbersicht \u00fcber die Kapitel der B\u00fccher des Neuen Testaments<\/p>\n<p>Din A5<\/p>\n<p>300 g\/m\u00b2<\/p>\n<p>Mit Unterst\u00fctzung von\u00a0<a href=\"https:\/\/mockupfree.co\/\">MockupFree.co<\/a><\/p>\n<p>&nbsp;<\/p>\n","protected":false},"excerpt":{"rendered":"<p>Diese Studienkarte gibt dir eine \u00dcbersicht \u00fcber die Kapitel der B\u00fccher des Neuen Testaments.<\/p>\n<p>Format: Din A5<br \/>\nPapier: 300 g\/m\u00b2 Beschreibbar<br \/>\nUmfang: 4 Seiten<\/p>\n","protected":false},"featured_media":29498,"comment_status":"open","ping_status":"closed","template":"","meta":[],"product_brand":[],"product_cat":[119],"product_tag":[],"class_list":{"0":"post-29486","1":"product","2":"type-product","3":"status-publish","4":"has-post-thumbnail","6":"product_cat-saphir-studienkarten","8":"first","9":"instock","10":"sale","11":"taxable","12":"shipping-taxable","13":"purchasable","14":"product-type-variable"},"jetpack_sharing_enabled":true,"_links":{"self":[{"href":"http:\/\/www.bibelshop.org\/index.php?rest_route=\/wp\/v2\/product\/29486","targetHints":{"allow":["GET"]}}],"collection":[{"href":"http:\/\/www.bibelshop.org\/index.php?rest_route=\/wp\/v2\/product"}],"about":[{"href":"http:\/\/www.bibelshop.org\/index.php?rest_route=\/wp\/v2\/types\/product"}],"replies":[{"embeddable":true,"href":"http:\/\/www.bibelshop.org\/index.php?rest_route=%2Fwp%2Fv2%2Fcomments&post=29486"}],"version-history":[{"count":2,"href":"http:\/\/www.bibelshop.org\/index.php?rest_route=\/wp\/v2\/product\/29486\/revisions"}],"predecessor-version":[{"id":29499,"href":"http:\/\/www.bibelshop.org\/index.php?rest_route=\/wp\/v2\/product\/29486\/revisions\/29499"}],"wp:featuredmedia":[{"embeddable":true,"href":"http:\/\/www.bibelshop.org\/index.php?rest_route=\/wp\/v2\/media\/29498"}],"wp:attachment":[{"href":"http:\/\/www.bibelshop.org\/index.php?rest_route=%2Fwp%2Fv2%2Fmedia&parent=29486"}],"wp:term":[{"taxonomy":"product_brand","embeddable":true,"href":"http:\/\/www.bibelshop.org\/index.php?rest_route=%2Fwp%2Fv2%2Fproduct_brand&post=29486"},{"taxonomy":"product_cat","embeddable":true,"href":"http:\/\/www.bibelshop.org\/index.php?rest_route=%2Fwp%2Fv2%2Fproduct_cat&post=29486"},{"taxonomy":"product_tag","embeddable":true,"href":"http:\/\/www.bibelshop.org\/index.php?rest_route=%2Fwp%2Fv2%2Fproduct_tag&post=29486"}],"curies":[{"name":"wp","href":"https:\/\/api.w.org\/{rel}","templated":true}]}}