{"id":29473,"date":"2026-01-21T18:49:17","date_gmt":"2026-01-21T18:49:17","guid":{"rendered":"https:\/\/www.bibelshop.org\/?post_type=product&#038;p=29473"},"modified":"2026-04-02T10:12:03","modified_gmt":"2026-04-02T10:12:03","slug":"sa001","status":"publish","type":"product","link":"http:\/\/www.bibelshop.org\/?product=sa001","title":{"rendered":"Saphir Studienkarte 1: Kapitel des AT"},"content":{"rendered":"<p>Diese Studienkarte gibt dir eine \u00dcbersicht \u00fcber die Kapitel der B\u00fccher des Alten Testaments<\/p>\n<p>Din A5<\/p>\n<p>300 g\/m\u00b2<\/p>\n<p>Mit Unterst\u00fctzung von <a href=\"https:\/\/mockupfree.co\/\">MockupFree.co<\/a><\/p>\n","protected":false},"excerpt":{"rendered":"<p>Diese Studienkarte gibt dir eine \u00dcbersicht \u00fcber die Kapitel der B\u00fccher des Alten Testaments.<\/p>\n<p>Format: Din A5<br \/>\nPapier: 300 g\/m\u00b2 Beschreibbar<br \/>\nUmfang: 4 Seiten<\/p>\n","protected":false},"featured_media":29481,"comment_status":"open","ping_status":"closed","template":"","meta":[],"product_brand":[],"product_cat":[119],"product_tag":[],"class_list":{"0":"post-29473","1":"product","2":"type-product","3":"status-publish","4":"has-post-thumbnail","6":"product_cat-saphir-studienkarten","8":"first","9":"instock","10":"taxable","11":"shipping-taxable","12":"purchasable","13":"product-type-variable"},"jetpack_sharing_enabled":true,"_links":{"self":[{"href":"http:\/\/www.bibelshop.org\/index.php?rest_route=\/wp\/v2\/product\/29473","targetHints":{"allow":["GET"]}}],"collection":[{"href":"http:\/\/www.bibelshop.org\/index.php?rest_route=\/wp\/v2\/product"}],"about":[{"href":"http:\/\/www.bibelshop.org\/index.php?rest_route=\/wp\/v2\/types\/product"}],"replies":[{"embeddable":true,"href":"http:\/\/www.bibelshop.org\/index.php?rest_route=%2Fwp%2Fv2%2Fcomments&post=29473"}],"version-history":[{"count":5,"href":"http:\/\/www.bibelshop.org\/index.php?rest_route=\/wp\/v2\/product\/29473\/revisions"}],"predecessor-version":[{"id":29493,"href":"http:\/\/www.bibelshop.org\/index.php?rest_route=\/wp\/v2\/product\/29473\/revisions\/29493"}],"wp:featuredmedia":[{"embeddable":true,"href":"http:\/\/www.bibelshop.org\/index.php?rest_route=\/wp\/v2\/media\/29481"}],"wp:attachment":[{"href":"http:\/\/www.bibelshop.org\/index.php?rest_route=%2Fwp%2Fv2%2Fmedia&parent=29473"}],"wp:term":[{"taxonomy":"product_brand","embeddable":true,"href":"http:\/\/www.bibelshop.org\/index.php?rest_route=%2Fwp%2Fv2%2Fproduct_brand&post=29473"},{"taxonomy":"product_cat","embeddable":true,"href":"http:\/\/www.bibelshop.org\/index.php?rest_route=%2Fwp%2Fv2%2Fproduct_cat&post=29473"},{"taxonomy":"product_tag","embeddable":true,"href":"http:\/\/www.bibelshop.org\/index.php?rest_route=%2Fwp%2Fv2%2Fproduct_tag&post=29473"}],"curies":[{"name":"wp","href":"https:\/\/api.w.org\/{rel}","templated":true}]}}