{"id":270,"date":"2021-08-26T14:54:11","date_gmt":"2021-08-26T14:54:11","guid":{"rendered":"http:\/\/dummy.xtemos.com\/woodmart2\/elementor\/?post_type=product&#038;p=270"},"modified":"2025-11-17T17:13:19","modified_gmt":"2025-11-17T17:13:19","slug":"heft-matthaeus","status":"publish","type":"product","link":"http:\/\/www.bibelshop.org\/?product=heft-matthaeus","title":{"rendered":"Studienheft: Matth\u00e4usevanglium"},"content":{"rendered":"","protected":false},"excerpt":{"rendered":"<p>In diesem Bibelkurs gehen wir in den 6-w\u00f6chigen Ferien einmal durch das Matth\u00e4usevangelium. Jeden Tag ist f\u00fcr die Kinder ein Abschnitt von ca. 10 Versen vorgegeben und dazu einige Fragen oder R\u00e4tsel. Hier k\u00f6nnt ihr ein Blick in das Heft werfen:<\/p>\n<p><a href=\"https:\/\/www.etgladium.de\/buecher\/bibelkurse-fuer-die-ferien\/\">Beitrag Gladium Spiritus<\/a><\/p>\n<p>&nbsp;<\/p>\n<p><em>Lieferbar ab 22. August 2025 &#8211; Jetzt schon bestellen!<\/em><\/p>\n","protected":false},"featured_media":29274,"comment_status":"open","ping_status":"closed","template":"","meta":[],"product_brand":[],"product_cat":[37,54,97],"product_tag":[],"class_list":{"0":"post-270","1":"product","2":"type-product","3":"status-publish","4":"has-post-thumbnail","6":"product_cat-bibelstudium","7":"product_cat-kinder","8":"product_cat-stillezeit","10":"first","11":"instock","12":"taxable","13":"shipping-taxable","14":"purchasable","15":"product-type-simple"},"jetpack_sharing_enabled":true,"_links":{"self":[{"href":"http:\/\/www.bibelshop.org\/index.php?rest_route=\/wp\/v2\/product\/270","targetHints":{"allow":["GET"]}}],"collection":[{"href":"http:\/\/www.bibelshop.org\/index.php?rest_route=\/wp\/v2\/product"}],"about":[{"href":"http:\/\/www.bibelshop.org\/index.php?rest_route=\/wp\/v2\/types\/product"}],"replies":[{"embeddable":true,"href":"http:\/\/www.bibelshop.org\/index.php?rest_route=%2Fwp%2Fv2%2Fcomments&post=270"}],"version-history":[{"count":5,"href":"http:\/\/www.bibelshop.org\/index.php?rest_route=\/wp\/v2\/product\/270\/revisions"}],"predecessor-version":[{"id":29171,"href":"http:\/\/www.bibelshop.org\/index.php?rest_route=\/wp\/v2\/product\/270\/revisions\/29171"}],"wp:featuredmedia":[{"embeddable":true,"href":"http:\/\/www.bibelshop.org\/index.php?rest_route=\/wp\/v2\/media\/29274"}],"wp:attachment":[{"href":"http:\/\/www.bibelshop.org\/index.php?rest_route=%2Fwp%2Fv2%2Fmedia&parent=270"}],"wp:term":[{"taxonomy":"product_brand","embeddable":true,"href":"http:\/\/www.bibelshop.org\/index.php?rest_route=%2Fwp%2Fv2%2Fproduct_brand&post=270"},{"taxonomy":"product_cat","embeddable":true,"href":"http:\/\/www.bibelshop.org\/index.php?rest_route=%2Fwp%2Fv2%2Fproduct_cat&post=270"},{"taxonomy":"product_tag","embeddable":true,"href":"http:\/\/www.bibelshop.org\/index.php?rest_route=%2Fwp%2Fv2%2Fproduct_tag&post=270"}],"curies":[{"name":"wp","href":"https:\/\/api.w.org\/{rel}","templated":true}]}}