{"id":15,"date":"2025-07-21T16:45:54","date_gmt":"2025-07-21T16:45:54","guid":{"rendered":"https:\/\/www.bibelshop.org\/impressum\/"},"modified":"2026-03-23T20:13:04","modified_gmt":"2026-03-23T20:13:04","slug":"impressum","status":"publish","type":"page","link":"http:\/\/www.bibelshop.org\/?page_id=15","title":{"rendered":"Impressum"},"content":{"rendered":"\t\t<div data-elementor-type=\"wp-page\" data-elementor-id=\"15\" class=\"elementor elementor-15\" data-elementor-post-type=\"page\">\n\t\t\t\t<div class=\"wd-negative-gap elementor-element elementor-element-45d2ef41 e-flex e-con-boxed e-con e-parent\" data-id=\"45d2ef41\" data-element_type=\"container\" data-e-type=\"container\">\n\t\t\t\t\t<div class=\"e-con-inner\">\n\t\t\t\t<div class=\"elementor-element elementor-element-1d1b903f color-scheme-inherit text-left elementor-widget elementor-widget-text-editor\" data-id=\"1d1b903f\" data-element_type=\"widget\" data-e-type=\"widget\" data-widget_type=\"text-editor.default\">\n\t\t\t\t\t\t\t\t\t\n<h2 class=\"wp-block-heading\">Impressum<\/h2>\n\n\n\n<p>Angaben gem\u00e4\u00df \u00a7 5 TMG:<\/p>\n\n\n\n<p>Sachariy Mark<br>Zum Br\u00fcckle 9<br>74679 Crispenhofen<\/p>\n\n\n\n<p><strong>Kontakt:<\/strong><br>E-Mail: info@etgladium.de <\/p>\n\n\n\n<p><strong>Inhaltlich verantwortlich nach \u00a7 18 Abs. 2 MStV:<\/strong><br>Sachariy Mark, Adresse wie oben<\/p>\n\n\n\n<p><strong>Bankverbindung<\/strong><\/p>\n\n\n\n<p>Kontoinhaber: Sachariy Mark<br>Institut: N26 Bank Gmbh Deutschland<br>IBAN: DE65100110012592634044<br>BIC: NTSBDEB1XXX<\/p>\n\n\n\n<h2 class=\"wp-block-heading\">Haftung f\u00fcr Inhalte<\/h2>\n\n\n\n<p>Die Inhalte auf unseren Seiten wurden mit gr\u00f6\u00dfter Sorgfalt erstellt. Dennoch \u00fcbernehmen wir keine Gew\u00e4hr f\u00fcr die Richtigkeit, Vollst\u00e4ndigkeit und Aktualit\u00e4t.<br>Als Diensteanbieter sind wir nach \u00a7 7 Abs. 1 TMG f\u00fcr eigene Inhalte verantwortlich. Nach \u00a7\u00a7 8\u201310 TMG besteht jedoch keine Pflicht, \u00fcbermittelte oder gespeicherte fremde Informationen zu \u00fcberwachen oder aktiv nach rechtswidrigen Handlungen zu suchen.<br>Verpflichtungen zur Entfernung oder Sperrung von Informationen nach den allgemeinen Gesetzen bleiben unber\u00fchrt. Eine Haftung tritt jedoch erst ab dem Zeitpunkt ein, an dem eine konkrete Rechtsverletzung bekannt wird. Sollten uns solche Verst\u00f6\u00dfe gemeldet werden, entfernen wir die Inhalte umgehend.<\/p>\n\n\n\n<hr class=\"wp-block-separator has-alpha-channel-opacity\"\/>\n\n\n\n<h2 class=\"wp-block-heading\">Haftung f\u00fcr Links<\/h2>\n\n\n\n<p>Unser Angebot enth\u00e4lt Links zu externen Webseiten Dritter, auf deren Inhalte wir keinen Einfluss haben. Deshalb \u00fcbernehmen wir f\u00fcr diese fremden Inhalte keine Gew\u00e4hr. F\u00fcr die Inhalte der verlinkten Seiten ist immer der jeweilige Anbieter oder Betreiber verantwortlich.<br>Die verlinkten Seiten wurden zum Zeitpunkt der Verlinkung auf m\u00f6gliche Rechtsverst\u00f6\u00dfe \u00fcberpr\u00fcft, rechtswidrige Inhalte waren dabei nicht erkennbar. Eine dauerhafte Kontrolle der verlinkten Seiten ist ohne konkrete Hinweise auf eine Rechtsverletzung nicht zumutbar. Bei Bekanntwerden von Rechtsverletzungen werden wir derartige Links sofort entfernen.<\/p>\n\n\n\n<hr class=\"wp-block-separator has-alpha-channel-opacity\"\/>\n\n\n\n<h2 class=\"wp-block-heading\">Urheberrecht<\/h2>\n\n\n\n<p>Die auf dieser Website erstellten Inhalte und Werke unterliegen dem deutschen Urheberrecht. Jede Art der Verwertung au\u00dferhalb der gesetzlichen Grenzen (z. B. Vervielf\u00e4ltigung, Bearbeitung, Verbreitung) bedarf der vorherigen schriftlichen Zustimmung des jeweiligen Autors.<br>Downloads und Kopien dieser Seite sind nur f\u00fcr den privaten, nicht kommerziellen Gebrauch gestattet.<br>Inhalte, die nicht von uns erstellt wurden, sind entsprechend gekennzeichnet und wir beachten die Rechte Dritter. Sollten Sie dennoch auf eine Urheberrechtsverletzung aufmerksam werden, bitten wir um einen Hinweis. Nach Pr\u00fcfung entfernen wir solche Inhalte umgehend.<\/p>\n\n\n\n<hr class=\"wp-block-separator has-alpha-channel-opacity\"\/>\n\n\n\n<h2 class=\"wp-block-heading\">Datenschutz<\/h2>\n\n\n\n<p>Die Nutzung unserer Website ist in der Regel ohne Angabe personenbezogener Daten m\u00f6glich. Wenn personenbezogene Daten (z. B. Name, Anschrift oder E-Mail-Adresse) erhoben werden, erfolgt dies \u2013 soweit m\u00f6glich \u2013 freiwillig. Diese Daten werden ohne ausdr\u00fcckliche Zustimmung nicht an Dritte weitergegeben.<br>Wir weisen darauf hin, dass die Daten\u00fcbertragung im Internet (z. B. per E-Mail) Sicherheitsl\u00fccken aufweisen kann. Ein vollst\u00e4ndiger Schutz vor dem Zugriff durch Dritte ist nicht m\u00f6glich.<br>Der Nutzung von im Impressum ver\u00f6ffentlichten Kontaktdaten zur \u00dcbersendung von nicht ausdr\u00fccklich angeforderter Werbung wird ausdr\u00fccklich widersprochen. Wir behalten uns rechtliche Schritte im Falle unverlangter Werbezusendungen (z. B. Spam-Mails) vor.<\/p>\n\n\n\n<hr class=\"wp-block-separator has-alpha-channel-opacity\"\/>\n\n\n\n<h2 class=\"wp-block-heading\">Google Analytics<\/h2>\n\n\n\n<p>Diese Website nutzt Google Analytics, einen Webanalysedienst der Google Ireland Ltd. (\u201eGoogle\u201c). Google Analytics verwendet Cookies, die eine Analyse der Websitenutzung erm\u00f6glichen. Die durch Cookies erzeugten Informationen werden in der Regel an einen Server von Google \u00fcbertragen und dort gespeichert.<br>Google verwendet diese Informationen, um die Nutzung der Website auszuwerten, Reports \u00fcber Aktivit\u00e4ten zu erstellen und weitere Dienstleistungen anzubieten. Eine \u00dcbermittlung an Dritte erfolgt nur, wenn dies gesetzlich vorgeschrieben ist oder Dritte diese Daten im Auftrag von Google verarbeiten.<br>Sie k\u00f6nnen die Speicherung von Cookies durch eine entsprechende Einstellung Ihres Browsers verhindern. In diesem Fall stehen jedoch m\u00f6glicherweise nicht alle Funktionen der Website vollumf\u00e4nglich zur Verf\u00fcgung. Mit der Nutzung dieser Website erkl\u00e4ren Sie sich mit der Verarbeitung Ihrer Daten durch Google in der beschriebenen Weise einverstanden.<\/p>\n\n\n\n<hr class=\"wp-block-separator has-alpha-channel-opacity\"\/>\n\n\n\n<h2 class=\"wp-block-heading\">Google AdSense<\/h2>\n\n\n\n<p>Unsere Website verwendet Google AdSense, einen Dienst der Google Ireland Ltd. (\u201eGoogle\u201c), zur Einbindung von Werbeanzeigen. Google AdSense setzt Cookies und sogenannte \u201eWeb Beacons\u201c (unsichtbare Grafiken) ein, die eine Analyse der Nutzung der Website erm\u00f6glichen. Die durch Cookies und Web Beacons erzeugten Informationen werden an Server von Google \u00fcbertragen und dort gespeichert.<br>Google nutzt diese Daten, um die Nutzung der Website im Hinblick auf die Anzeigenschaltung auszuwerten, Berichte f\u00fcr die Betreiber zu erstellen und weitere Dienstleistungen anzubieten. Eine Zusammenf\u00fchrung Ihrer IP-Adresse mit anderen Daten von Google erfolgt nicht.<br>Sie k\u00f6nnen die Speicherung von Cookies in Ihrem Browser deaktivieren. In diesem Fall k\u00f6nnen aber nicht mehr alle Funktionen dieser Website in vollem Umfang genutzt werden. Mit der Nutzung dieser Website erkl\u00e4ren Sie sich mit der Verarbeitung der erhobenen Daten durch Google in der beschriebenen Weise einverstanden.<\/p>\n\n\n\n<hr class=\"wp-block-separator has-alpha-channel-opacity\"\/>\n\n\n\n<h2 class=\"wp-block-heading\">Online-Streitbeilegung<\/h2>\n\n\n\n<p>Die Europ\u00e4ische Kommission stellt eine Plattform zur Online-Streitbeilegung (OS) bereit:<br>\ud83d\udc49 <a>https:\/\/ec.europa.eu\/consumers\/odr<\/a><\/p>\n\n\n\n<p>Wir sind nicht verpflichtet und nicht bereit, an Streitbeilegungsverfahren vor einer Verbraucherschlichtungsstelle teilzunehmen.<\/p>\n\n\n\n<p><\/p>\n\n\n\n<p><\/p>\n\n\n\n<p><\/p>\n\t\t\t\t\t\t\t\t<\/div>\n\t\t\t\t\t<\/div>\n\t\t\t\t<\/div>\n\t\t\t\t<\/div>\n\t\t","protected":false},"excerpt":{"rendered":"<p>Impressum Angaben gem\u00e4\u00df \u00a7 5 TMG: Sachariy MarkZum Br\u00fcckle 974679 Crispenhofen Kontakt:E-Mail: info@etgladium.de Inhaltlich verantwortlich nach \u00a7 18 Abs. 2<\/p>\n","protected":false},"author":1,"featured_media":0,"parent":0,"menu_order":0,"comment_status":"closed","ping_status":"closed","template":"","meta":{"footnotes":""},"class_list":["post-15","page","type-page","status-publish","hentry"],"jetpack_sharing_enabled":true,"_links":{"self":[{"href":"http:\/\/www.bibelshop.org\/index.php?rest_route=\/wp\/v2\/pages\/15","targetHints":{"allow":["GET"]}}],"collection":[{"href":"http:\/\/www.bibelshop.org\/index.php?rest_route=\/wp\/v2\/pages"}],"about":[{"href":"http:\/\/www.bibelshop.org\/index.php?rest_route=\/wp\/v2\/types\/page"}],"author":[{"embeddable":true,"href":"http:\/\/www.bibelshop.org\/index.php?rest_route=\/wp\/v2\/users\/1"}],"replies":[{"embeddable":true,"href":"http:\/\/www.bibelshop.org\/index.php?rest_route=%2Fwp%2Fv2%2Fcomments&post=15"}],"version-history":[{"count":11,"href":"http:\/\/www.bibelshop.org\/index.php?rest_route=\/wp\/v2\/pages\/15\/revisions"}],"predecessor-version":[{"id":29543,"href":"http:\/\/www.bibelshop.org\/index.php?rest_route=\/wp\/v2\/pages\/15\/revisions\/29543"}],"wp:attachment":[{"href":"http:\/\/www.bibelshop.org\/index.php?rest_route=%2Fwp%2Fv2%2Fmedia&parent=15"}],"curies":[{"name":"wp","href":"https:\/\/api.w.org\/{rel}","templated":true}]}}